{"id":386,"date":"2022-03-07T15:59:29","date_gmt":"2022-03-07T18:59:29","guid":{"rendered":"https:\/\/institutorestaurare.com.br\/?page_id=386"},"modified":"2022-03-10T15:32:02","modified_gmt":"2022-03-10T18:32:02","slug":"fertilidade-masculina","status":"publish","type":"page","link":"https:\/\/institutorestaurare.com.br\/index.php\/fertilidade-masculina\/","title":{"rendered":"Fertilidade Masculina"},"content":{"rendered":"\n<figure class=\"wp-block-image size-large is-resized\"><img fetchpriority=\"high\" decoding=\"async\" src=\"http:\/\/institutorestaurare.com.br\/wp-content\/uploads\/2022\/03\/pexels-stephen-7032841-683x1024.jpg\" alt=\"\" class=\"wp-image-469\" width=\"842\" height=\"1262\" srcset=\"https:\/\/institutorestaurare.com.br\/wp-content\/uploads\/2022\/03\/pexels-stephen-7032841-683x1024.jpg 683w, https:\/\/institutorestaurare.com.br\/wp-content\/uploads\/2022\/03\/pexels-stephen-7032841-200x300.jpg 200w, https:\/\/institutorestaurare.com.br\/wp-content\/uploads\/2022\/03\/pexels-stephen-7032841-768x1152.jpg 768w, https:\/\/institutorestaurare.com.br\/wp-content\/uploads\/2022\/03\/pexels-stephen-7032841-1024x1536.jpg 1024w, https:\/\/institutorestaurare.com.br\/wp-content\/uploads\/2022\/03\/pexels-stephen-7032841-1365x2048.jpg 1365w, https:\/\/institutorestaurare.com.br\/wp-content\/uploads\/2022\/03\/pexels-stephen-7032841-1140x1710.jpg 1140w, https:\/\/institutorestaurare.com.br\/wp-content\/uploads\/2022\/03\/pexels-stephen-7032841-scaled.jpg 1707w\" sizes=\"(max-width: 842px) 100vw, 842px\" \/><\/figure>\n\n\n\n<p class=\"has-black-color has-text-color\"><a>Tratamentos milenares para a sa\u00fade reprodutiva e Fertilidade em homens com:<\/a><\/p>\n\n\n\n<p>(In)fertilidade Masculina<\/p>\n\n\n\n<p>Impot\u00eancia Sexual<\/p>\n\n\n\n<p class=\"has-black-color has-text-color\">Ejacula\u00e7\u00e3o Precoce<\/p>\n\n\n\n<p>Hiperplasia Prost\u00e1tica<\/p>\n\n\n\n<p>Baixa Testosterona<\/p>\n\n\n\n<p>Baixo Libido<\/p>\n\n\n\n<p>Azoospermia<\/p>\n\n\n\n<p>Os tratamentos dos \u00f3rg\u00e3os reprodutivos Masculinos da Medicina Tradicional Chinesa \u00e9 integrativo , isto porque todos os tratamentos respeitam as Inter -rela\u00e7\u00f5es do corpo , da mente e da natureza.<\/p>\n\n\n\n<p>Ap\u00f3s o Diagn\u00f3stico Energ\u00e9tico o paciente recebe o diagn\u00f3stico e prescri\u00e7\u00f5es dos tratamentos baseados nas condutas da Medicina Tradicional chinesa que s\u00e3o a farmacologia , a dietoterapia, a acupuntura , a moxa, e as praticas corporais que incluem medita\u00e7\u00e3o e exerc\u00edcios das artes marciais chinesa. <\/p>\n\n\n\n<figure class=\"wp-block-image size-large is-resized\"><img decoding=\"async\" src=\"http:\/\/institutorestaurare.com.br\/wp-content\/uploads\/2022\/03\/pexels-cottonbro-3297363-684x1024.jpg\" alt=\"\" class=\"wp-image-474\" width=\"841\" height=\"1259\" srcset=\"https:\/\/institutorestaurare.com.br\/wp-content\/uploads\/2022\/03\/pexels-cottonbro-3297363-684x1024.jpg 684w, https:\/\/institutorestaurare.com.br\/wp-content\/uploads\/2022\/03\/pexels-cottonbro-3297363-200x300.jpg 200w, https:\/\/institutorestaurare.com.br\/wp-content\/uploads\/2022\/03\/pexels-cottonbro-3297363-768x1150.jpg 768w, https:\/\/institutorestaurare.com.br\/wp-content\/uploads\/2022\/03\/pexels-cottonbro-3297363-1026x1536.jpg 1026w, https:\/\/institutorestaurare.com.br\/wp-content\/uploads\/2022\/03\/pexels-cottonbro-3297363-1368x2048.jpg 1368w, https:\/\/institutorestaurare.com.br\/wp-content\/uploads\/2022\/03\/pexels-cottonbro-3297363-1140x1707.jpg 1140w, https:\/\/institutorestaurare.com.br\/wp-content\/uploads\/2022\/03\/pexels-cottonbro-3297363-scaled.jpg 1710w\" sizes=\"(max-width: 841px) 100vw, 841px\" \/><\/figure>\n\n\n\n<figure class=\"wp-block-image size-full is-resized\"><img decoding=\"async\" src=\"http:\/\/institutorestaurare.com.br\/wp-content\/uploads\/2022\/03\/Understanding-Chinese-Herbal-Medicine_s.png\" alt=\"\" class=\"wp-image-476\" width=\"842\" height=\"783\" srcset=\"https:\/\/institutorestaurare.com.br\/wp-content\/uploads\/2022\/03\/Understanding-Chinese-Herbal-Medicine_s.png 502w, https:\/\/institutorestaurare.com.br\/wp-content\/uploads\/2022\/03\/Understanding-Chinese-Herbal-Medicine_s-300x279.png 300w\" sizes=\"(max-width: 842px) 100vw, 842px\" \/><\/figure>\n\n\n\n<figure class=\"wp-block-image size-large\"><img loading=\"lazy\" decoding=\"async\" width=\"1024\" height=\"587\" src=\"http:\/\/institutorestaurare.com.br\/wp-content\/uploads\/2022\/03\/fu-g7aa9509f2_1920-1024x587.jpg\" alt=\"\" class=\"wp-image-471\" srcset=\"https:\/\/institutorestaurare.com.br\/wp-content\/uploads\/2022\/03\/fu-g7aa9509f2_1920-1024x587.jpg 1024w, https:\/\/institutorestaurare.com.br\/wp-content\/uploads\/2022\/03\/fu-g7aa9509f2_1920-300x172.jpg 300w, https:\/\/institutorestaurare.com.br\/wp-content\/uploads\/2022\/03\/fu-g7aa9509f2_1920-768x440.jpg 768w, https:\/\/institutorestaurare.com.br\/wp-content\/uploads\/2022\/03\/fu-g7aa9509f2_1920-1536x881.jpg 1536w, https:\/\/institutorestaurare.com.br\/wp-content\/uploads\/2022\/03\/fu-g7aa9509f2_1920-1140x654.jpg 1140w, https:\/\/institutorestaurare.com.br\/wp-content\/uploads\/2022\/03\/fu-g7aa9509f2_1920.jpg 1920w\" sizes=\"(max-width: 1024px) 100vw, 1024px\" \/><\/figure>\n\n\n\n<p><\/p>\n\n\n\n<p><\/p>\n","protected":false},"excerpt":{"rendered":"<p>Tratamentos milenares para a sa\u00fade reprodutiva e Fertilidade em homens com: (In)fertilidade Masculina Impot\u00eancia Sexual Ejacula\u00e7\u00e3o Precoce Hiperplasia Prost\u00e1tica Baixa Testosterona Baixo Libido Azoospermia Os tratamentos dos \u00f3rg\u00e3os reprodutivos Masculinos da Medicina Tradicional Chinesa \u00e9 integrativo , isto porque todos os tratamentos respeitam as Inter -rela\u00e7\u00f5es do corpo , da mente e da natureza. Ap\u00f3s o Diagn\u00f3stico Energ\u00e9tico o paciente recebe o diagn\u00f3stico e prescri\u00e7\u00f5es dos tratamentos baseados nas condutas da Medicina Tradicional chinesa que s\u00e3o a farmacologia , a dietoterapia, a acupuntura , a moxa, e as praticas corporais que incluem medita\u00e7\u00e3o e exerc\u00edcios das artes marciais chinesa.<\/p>\n","protected":false},"author":1,"featured_media":0,"parent":0,"menu_order":0,"comment_status":"closed","ping_status":"closed","template":"","meta":{"om_disable_all_campaigns":false,"_monsterinsights_skip_tracking":false,"_monsterinsights_sitenote_active":false,"_monsterinsights_sitenote_note":"","_monsterinsights_sitenote_category":0,"footnotes":""},"class_list":["post-386","page","type-page","status-publish","hentry"],"yoast_head":"<!-- This site is optimized with the Yoast SEO plugin v27.2 - https:\/\/yoast.com\/product\/yoast-seo-wordpress\/ -->\n<title>Fertilidade Masculina - Instituto Restaurare<\/title>\n<meta name=\"robots\" content=\"index, follow, max-snippet:-1, max-image-preview:large, max-video-preview:-1\" \/>\n<link rel=\"canonical\" href=\"https:\/\/institutorestaurare.com.br\/index.php\/fertilidade-masculina\/\" \/>\n<meta property=\"og:locale\" content=\"pt_BR\" \/>\n<meta property=\"og:type\" content=\"article\" \/>\n<meta property=\"og:title\" content=\"Fertilidade Masculina - Instituto Restaurare\" \/>\n<meta property=\"og:description\" content=\"Tratamentos milenares para a sa\u00fade reprodutiva e Fertilidade em homens com: (In)fertilidade Masculina Impot\u00eancia Sexual Ejacula\u00e7\u00e3o Precoce Hiperplasia Prost\u00e1tica Baixa Testosterona Baixo Libido Azoospermia Os tratamentos dos \u00f3rg\u00e3os reprodutivos Masculinos da Medicina Tradicional Chinesa \u00e9 integrativo , isto porque todos os tratamentos respeitam as Inter -rela\u00e7\u00f5es do corpo , da mente e da natureza. Ap\u00f3s o Diagn\u00f3stico Energ\u00e9tico o paciente recebe o diagn\u00f3stico e prescri\u00e7\u00f5es dos tratamentos baseados nas condutas da Medicina Tradicional chinesa que s\u00e3o a farmacologia , a dietoterapia, a acupuntura , a moxa, e as praticas corporais que incluem medita\u00e7\u00e3o e exerc\u00edcios das artes marciais chinesa.\" \/>\n<meta property=\"og:url\" content=\"https:\/\/institutorestaurare.com.br\/index.php\/fertilidade-masculina\/\" \/>\n<meta property=\"og:site_name\" content=\"Instituto Restaurare\" \/>\n<meta property=\"article:publisher\" content=\"https:\/\/facebook.com\/institutorestaurare.com.br\" \/>\n<meta property=\"article:modified_time\" content=\"2022-03-10T18:32:02+00:00\" \/>\n<meta property=\"og:image\" content=\"https:\/\/institutorestaurare.com.br\/wp-content\/uploads\/2022\/03\/pexels-stephen-7032841-scaled.jpg\" \/>\n\t<meta property=\"og:image:width\" content=\"1707\" \/>\n\t<meta property=\"og:image:height\" content=\"2560\" \/>\n\t<meta property=\"og:image:type\" content=\"image\/jpeg\" \/>\n<meta name=\"twitter:card\" content=\"summary_large_image\" \/>\n<meta name=\"twitter:label1\" content=\"Est. tempo de leitura\" \/>\n\t<meta name=\"twitter:data1\" content=\"1 minuto\" \/>\n<script type=\"application\/ld+json\" class=\"yoast-schema-graph\">{\"@context\":\"https:\/\/schema.org\",\"@graph\":[{\"@type\":\"WebPage\",\"@id\":\"https:\/\/institutorestaurare.com.br\/index.php\/fertilidade-masculina\/\",\"url\":\"https:\/\/institutorestaurare.com.br\/index.php\/fertilidade-masculina\/\",\"name\":\"Fertilidade Masculina - Instituto Restaurare\",\"isPartOf\":{\"@id\":\"https:\/\/institutorestaurare.com.br\/#website\"},\"primaryImageOfPage\":{\"@id\":\"https:\/\/institutorestaurare.com.br\/index.php\/fertilidade-masculina\/#primaryimage\"},\"image\":{\"@id\":\"https:\/\/institutorestaurare.com.br\/index.php\/fertilidade-masculina\/#primaryimage\"},\"thumbnailUrl\":\"http:\/\/institutorestaurare.com.br\/wp-content\/uploads\/2022\/03\/pexels-stephen-7032841-683x1024.jpg\",\"datePublished\":\"2022-03-07T18:59:29+00:00\",\"dateModified\":\"2022-03-10T18:32:02+00:00\",\"breadcrumb\":{\"@id\":\"https:\/\/institutorestaurare.com.br\/index.php\/fertilidade-masculina\/#breadcrumb\"},\"inLanguage\":\"pt-BR\",\"potentialAction\":[{\"@type\":\"ReadAction\",\"target\":[\"https:\/\/institutorestaurare.com.br\/index.php\/fertilidade-masculina\/\"]}]},{\"@type\":\"ImageObject\",\"inLanguage\":\"pt-BR\",\"@id\":\"https:\/\/institutorestaurare.com.br\/index.php\/fertilidade-masculina\/#primaryimage\",\"url\":\"https:\/\/institutorestaurare.com.br\/wp-content\/uploads\/2022\/03\/pexels-stephen-7032841-scaled.jpg\",\"contentUrl\":\"https:\/\/institutorestaurare.com.br\/wp-content\/uploads\/2022\/03\/pexels-stephen-7032841-scaled.jpg\",\"width\":1707,\"height\":2560},{\"@type\":\"BreadcrumbList\",\"@id\":\"https:\/\/institutorestaurare.com.br\/index.php\/fertilidade-masculina\/#breadcrumb\",\"itemListElement\":[{\"@type\":\"ListItem\",\"position\":1,\"name\":\"In\u00edcio\",\"item\":\"https:\/\/institutorestaurare.com.br\/\"},{\"@type\":\"ListItem\",\"position\":2,\"name\":\"Fertilidade Masculina\"}]},{\"@type\":\"WebSite\",\"@id\":\"https:\/\/institutorestaurare.com.br\/#website\",\"url\":\"https:\/\/institutorestaurare.com.br\/\",\"name\":\"Instituto Restaurare\",\"description\":\"Sa\u00fade e Bem Estar com a Medicina Tradicional Chinesa\",\"publisher\":{\"@id\":\"https:\/\/institutorestaurare.com.br\/#organization\"},\"potentialAction\":[{\"@type\":\"SearchAction\",\"target\":{\"@type\":\"EntryPoint\",\"urlTemplate\":\"https:\/\/institutorestaurare.com.br\/?s={search_term_string}\"},\"query-input\":{\"@type\":\"PropertyValueSpecification\",\"valueRequired\":true,\"valueName\":\"search_term_string\"}}],\"inLanguage\":\"pt-BR\"},{\"@type\":\"Organization\",\"@id\":\"https:\/\/institutorestaurare.com.br\/#organization\",\"name\":\"Instituto Restaurare\",\"url\":\"https:\/\/institutorestaurare.com.br\/\",\"logo\":{\"@type\":\"ImageObject\",\"inLanguage\":\"pt-BR\",\"@id\":\"https:\/\/institutorestaurare.com.br\/#\/schema\/logo\/image\/\",\"url\":\"https:\/\/institutorestaurare.com.br\/wp-content\/uploads\/2022\/10\/IRT-LOGO-2022-grande.png\",\"contentUrl\":\"https:\/\/institutorestaurare.com.br\/wp-content\/uploads\/2022\/10\/IRT-LOGO-2022-grande.png\",\"width\":1828,\"height\":654,\"caption\":\"Instituto Restaurare\"},\"image\":{\"@id\":\"https:\/\/institutorestaurare.com.br\/#\/schema\/logo\/image\/\"},\"sameAs\":[\"https:\/\/facebook.com\/institutorestaurare.com.br\",\"https:\/\/instagram.com\/institutorestaurare\"]}]}<\/script>\n<!-- \/ Yoast SEO plugin. -->","yoast_head_json":{"title":"Fertilidade Masculina - Instituto Restaurare","robots":{"index":"index","follow":"follow","max-snippet":"max-snippet:-1","max-image-preview":"max-image-preview:large","max-video-preview":"max-video-preview:-1"},"canonical":"https:\/\/institutorestaurare.com.br\/index.php\/fertilidade-masculina\/","og_locale":"pt_BR","og_type":"article","og_title":"Fertilidade Masculina - Instituto Restaurare","og_description":"Tratamentos milenares para a sa\u00fade reprodutiva e Fertilidade em homens com: (In)fertilidade Masculina Impot\u00eancia Sexual Ejacula\u00e7\u00e3o Precoce Hiperplasia Prost\u00e1tica Baixa Testosterona Baixo Libido Azoospermia Os tratamentos dos \u00f3rg\u00e3os reprodutivos Masculinos da Medicina Tradicional Chinesa \u00e9 integrativo , isto porque todos os tratamentos respeitam as Inter -rela\u00e7\u00f5es do corpo , da mente e da natureza. Ap\u00f3s o Diagn\u00f3stico Energ\u00e9tico o paciente recebe o diagn\u00f3stico e prescri\u00e7\u00f5es dos tratamentos baseados nas condutas da Medicina Tradicional chinesa que s\u00e3o a farmacologia , a dietoterapia, a acupuntura , a moxa, e as praticas corporais que incluem medita\u00e7\u00e3o e exerc\u00edcios das artes marciais chinesa.","og_url":"https:\/\/institutorestaurare.com.br\/index.php\/fertilidade-masculina\/","og_site_name":"Instituto Restaurare","article_publisher":"https:\/\/facebook.com\/institutorestaurare.com.br","article_modified_time":"2022-03-10T18:32:02+00:00","og_image":[{"width":1707,"height":2560,"url":"https:\/\/institutorestaurare.com.br\/wp-content\/uploads\/2022\/03\/pexels-stephen-7032841-scaled.jpg","type":"image\/jpeg"}],"twitter_card":"summary_large_image","twitter_misc":{"Est. tempo de leitura":"1 minuto"},"schema":{"@context":"https:\/\/schema.org","@graph":[{"@type":"WebPage","@id":"https:\/\/institutorestaurare.com.br\/index.php\/fertilidade-masculina\/","url":"https:\/\/institutorestaurare.com.br\/index.php\/fertilidade-masculina\/","name":"Fertilidade Masculina - Instituto Restaurare","isPartOf":{"@id":"https:\/\/institutorestaurare.com.br\/#website"},"primaryImageOfPage":{"@id":"https:\/\/institutorestaurare.com.br\/index.php\/fertilidade-masculina\/#primaryimage"},"image":{"@id":"https:\/\/institutorestaurare.com.br\/index.php\/fertilidade-masculina\/#primaryimage"},"thumbnailUrl":"http:\/\/institutorestaurare.com.br\/wp-content\/uploads\/2022\/03\/pexels-stephen-7032841-683x1024.jpg","datePublished":"2022-03-07T18:59:29+00:00","dateModified":"2022-03-10T18:32:02+00:00","breadcrumb":{"@id":"https:\/\/institutorestaurare.com.br\/index.php\/fertilidade-masculina\/#breadcrumb"},"inLanguage":"pt-BR","potentialAction":[{"@type":"ReadAction","target":["https:\/\/institutorestaurare.com.br\/index.php\/fertilidade-masculina\/"]}]},{"@type":"ImageObject","inLanguage":"pt-BR","@id":"https:\/\/institutorestaurare.com.br\/index.php\/fertilidade-masculina\/#primaryimage","url":"https:\/\/institutorestaurare.com.br\/wp-content\/uploads\/2022\/03\/pexels-stephen-7032841-scaled.jpg","contentUrl":"https:\/\/institutorestaurare.com.br\/wp-content\/uploads\/2022\/03\/pexels-stephen-7032841-scaled.jpg","width":1707,"height":2560},{"@type":"BreadcrumbList","@id":"https:\/\/institutorestaurare.com.br\/index.php\/fertilidade-masculina\/#breadcrumb","itemListElement":[{"@type":"ListItem","position":1,"name":"In\u00edcio","item":"https:\/\/institutorestaurare.com.br\/"},{"@type":"ListItem","position":2,"name":"Fertilidade Masculina"}]},{"@type":"WebSite","@id":"https:\/\/institutorestaurare.com.br\/#website","url":"https:\/\/institutorestaurare.com.br\/","name":"Instituto Restaurare","description":"Sa\u00fade e Bem Estar com a Medicina Tradicional Chinesa","publisher":{"@id":"https:\/\/institutorestaurare.com.br\/#organization"},"potentialAction":[{"@type":"SearchAction","target":{"@type":"EntryPoint","urlTemplate":"https:\/\/institutorestaurare.com.br\/?s={search_term_string}"},"query-input":{"@type":"PropertyValueSpecification","valueRequired":true,"valueName":"search_term_string"}}],"inLanguage":"pt-BR"},{"@type":"Organization","@id":"https:\/\/institutorestaurare.com.br\/#organization","name":"Instituto Restaurare","url":"https:\/\/institutorestaurare.com.br\/","logo":{"@type":"ImageObject","inLanguage":"pt-BR","@id":"https:\/\/institutorestaurare.com.br\/#\/schema\/logo\/image\/","url":"https:\/\/institutorestaurare.com.br\/wp-content\/uploads\/2022\/10\/IRT-LOGO-2022-grande.png","contentUrl":"https:\/\/institutorestaurare.com.br\/wp-content\/uploads\/2022\/10\/IRT-LOGO-2022-grande.png","width":1828,"height":654,"caption":"Instituto Restaurare"},"image":{"@id":"https:\/\/institutorestaurare.com.br\/#\/schema\/logo\/image\/"},"sameAs":["https:\/\/facebook.com\/institutorestaurare.com.br","https:\/\/instagram.com\/institutorestaurare"]}]}},"_links":{"self":[{"href":"https:\/\/institutorestaurare.com.br\/index.php\/wp-json\/wp\/v2\/pages\/386","targetHints":{"allow":["GET"]}}],"collection":[{"href":"https:\/\/institutorestaurare.com.br\/index.php\/wp-json\/wp\/v2\/pages"}],"about":[{"href":"https:\/\/institutorestaurare.com.br\/index.php\/wp-json\/wp\/v2\/types\/page"}],"author":[{"embeddable":true,"href":"https:\/\/institutorestaurare.com.br\/index.php\/wp-json\/wp\/v2\/users\/1"}],"replies":[{"embeddable":true,"href":"https:\/\/institutorestaurare.com.br\/index.php\/wp-json\/wp\/v2\/comments?post=386"}],"version-history":[{"count":5,"href":"https:\/\/institutorestaurare.com.br\/index.php\/wp-json\/wp\/v2\/pages\/386\/revisions"}],"predecessor-version":[{"id":479,"href":"https:\/\/institutorestaurare.com.br\/index.php\/wp-json\/wp\/v2\/pages\/386\/revisions\/479"}],"wp:attachment":[{"href":"https:\/\/institutorestaurare.com.br\/index.php\/wp-json\/wp\/v2\/media?parent=386"}],"curies":[{"name":"wp","href":"https:\/\/api.w.org\/{rel}","templated":true}]}}