{"id":381,"date":"2022-03-07T15:51:55","date_gmt":"2022-03-07T18:51:55","guid":{"rendered":"https:\/\/institutorestaurare.com.br\/?page_id=381"},"modified":"2022-03-10T16:54:23","modified_gmt":"2022-03-10T19:54:23","slug":"adriana-sarchiolo","status":"publish","type":"page","link":"https:\/\/institutorestaurare.com.br\/index.php\/adriana-sarchiolo\/","title":{"rendered":"Adriana Sarchiolo"},"content":{"rendered":"\n<figure class=\"wp-block-image size-full is-style-rounded\"><img fetchpriority=\"high\" decoding=\"async\" width=\"848\" height=\"909\" src=\"http:\/\/institutorestaurare.com.br\/wp-content\/uploads\/2022\/03\/PhotoRoom-20220310_163733_2.png\" alt=\"\" class=\"wp-image-494\" srcset=\"https:\/\/institutorestaurare.com.br\/wp-content\/uploads\/2022\/03\/PhotoRoom-20220310_163733_2.png 848w, https:\/\/institutorestaurare.com.br\/wp-content\/uploads\/2022\/03\/PhotoRoom-20220310_163733_2-280x300.png 280w, https:\/\/institutorestaurare.com.br\/wp-content\/uploads\/2022\/03\/PhotoRoom-20220310_163733_2-768x823.png 768w\" sizes=\"(max-width: 848px) 100vw, 848px\" \/><\/figure>\n\n\n\n<p><strong>Ol\u00e1, meu nome \u00e9 Adriana Sarchiolo <\/strong>criadora do Instituto Restaurare onde atendo pacientes presenciais e atrav\u00e9s da telemedicina.<strong><\/strong><\/p>\n\n\n\n<p>Sou natural de S\u00e3o Paulo Capital e resido em Bras\u00edlia esta capital que escolhi para viver e que eu tanto amo.<\/p>\n\n\n\n<p>Durante muitos anos da minha vida eu sofri com c\u00f3licas muito fortes no per\u00edodo menstrual, cistos nos ov\u00e1rios, cistos nas mamas que apareciam e depois sumiam, eu tamb\u00e9m espirrava seguidas vezes todos os dias, na minha inf\u00e2ncia na fase de estudante eu tampava o nariz na aula quando espirrava para n\u00e3o incomodar os colegas com tantos espirros e cheguei a ter uma pequena perda auditiva, eu tinha bronquite, rinite e tive tamb\u00e9m 3 pneumonias e diversos sintomas relacionados a indisposi\u00e7\u00e3o, fraqueza sobretudo este sofrimento me desmotivava.<\/p>\n\n\n\n<p>Eu sempre busquei ajuda na Medicina Ocidental e nunca me esclareceram um diagn\u00f3stico e tratamento para tantos sintomas cl\u00ednicos, eu fazia cheque up anual e um dia descobri um n\u00f3dulo na tiroide e foi indicada a cirurgia , felizmente era benigno mas mesmo assim a conduta medica ocidental foi pela remo\u00e7\u00e3o parcial da tireoide e justamente neste momento no p\u00f3s cir\u00fargico que me despertou, um impulso forte me preencheu , e comecei a mudar, comecei a estudar incansavelmente sobre interpreta\u00e7\u00e3o de exames ocidentais, nutri\u00e7\u00e3o funcional &nbsp;e descobri que sim meus exames mostravam h\u00e1 anos v\u00e1rios processos bioqu\u00edmicos desajustados, uma coisa \u00e9 ter exames dentro da refer\u00eancia de laborat\u00f3rios , outra \u00e9 ter exames com valores ideais de par\u00e2metros de sa\u00fade &nbsp;&nbsp;<\/p>\n\n\n\n<p>Em&nbsp; busca de conhecimento para tratar dos meus sintomas eu conheci a Medicina Tradicional Chinesa e foi atrav\u00e9s desta Medicina Milenar que meu sofrimento acabou, em poucos meses minha c\u00f3lica sessou, meus ciclos se regularam, os cistos nos ov\u00e1rios e mam\u00e1rios tamb\u00e9m desapareceram, a rinite bronquite e toda a minha fraqueza foram aos poucos melhorando e toda esta jornada se transformou em uma grande Restaura\u00e7\u00e3o da sa\u00fade e que atrav\u00e9s das minhas especializa\u00e7\u00f5es em sa\u00fade reprodutiva da mulher e do homem me trouxe at\u00e9 aqui , eu criei o Instituto Restaurare para ajudar milhares de pessoas que buscam melhorar a sua sa\u00fade reprodutiva.<\/p>\n\n\n\n<p>Sou especializada pela EPAC em Medicina Tradicional Chinesa, Farmacologia Chinesa Avan\u00e7ada, com especializa\u00e7\u00e3o em Ginecologia Chinesa com foco na sa\u00fade reprodutiva e Fertilidade da mulher, especializa\u00e7\u00e3o em Fertilidade Masculina para tratar a sa\u00fade reprodutiva masculina, especializada em ZhiNeng Qi Gong para terapias de Medita\u00e7\u00e3o Guiada chinesa.<\/p>\n\n\n\n<p>Sou prescritora dos pain\u00e9is gen\u00e9ticos de uma empresa israelense A FULL DNA,&nbsp;que oferece um dos melhores pain\u00e9is gen\u00e9ticos do mundo sendo o primeiro laborat\u00f3rio comercial que usa a tecnologia de extra\u00e7\u00e3o do genoma total. Temos 40 milh\u00f5es de Polimorfismos de Nucleot\u00eddeo \u00danico, a partir da an\u00e1lise do seu c\u00f3digo gen\u00e9tico, \u00e9 poss\u00edvel desenvolver uma esp\u00e9cie de \u201cmanual de instru\u00e7\u00f5es\u201d do seu corpo.<\/p>\n\n\n\n<p>Sou especializada em Nutri\u00e7\u00e3o Funcional e Nutri\u00e7\u00e3o Funcional Avan\u00e7ada, certificada em Programa\u00e7\u00e3o da Gesta\u00e7\u00e3o Saud\u00e1vel pela Faculdade de Sa\u00fade Avan\u00e7ada do Prof Dr Gabriel de Carvalho e sou Coach certificada do M\u00e9todo Alem\u00e3o Metabolic Balance para equil\u00edbrio metab\u00f3lico e emagrecimento saud\u00e1vel.<\/p>\n","protected":false},"excerpt":{"rendered":"<p>Ol\u00e1, meu nome \u00e9 Adriana Sarchiolo criadora do Instituto Restaurare onde atendo pacientes presenciais e atrav\u00e9s da telemedicina. Sou natural de S\u00e3o Paulo Capital e resido em Bras\u00edlia esta capital que escolhi para viver e que eu tanto amo. Durante muitos anos da minha vida eu sofri com c\u00f3licas muito fortes no per\u00edodo menstrual, cistos nos ov\u00e1rios, cistos nas mamas que apareciam e depois sumiam, eu tamb\u00e9m espirrava seguidas vezes todos os dias, na minha inf\u00e2ncia na fase de estudante eu tampava o nariz na aula quando espirrava para n\u00e3o incomodar os colegas com tantos espirros e cheguei a ter uma pequena perda auditiva, eu tinha bronquite, rinite e tive tamb\u00e9m 3 pneumonias e diversos sintomas relacionados a indisposi\u00e7\u00e3o, fraqueza sobretudo este sofrimento me desmotivava. Eu sempre busquei ajuda na Medicina Ocidental e nunca me esclareceram um diagn\u00f3stico e tratamento para tantos sintomas cl\u00ednicos, eu fazia cheque up anual e um dia descobri um n\u00f3dulo na tiroide e foi indicada a cirurgia , felizmente era benigno mas mesmo assim a conduta medica ocidental foi pela remo\u00e7\u00e3o parcial da tireoide e justamente neste momento no p\u00f3s cir\u00fargico que me despertou, um impulso forte me preencheu , e comecei a mudar, comecei a estudar incansavelmente sobre interpreta\u00e7\u00e3o de exames ocidentais, nutri\u00e7\u00e3o funcional &nbsp;e descobri que sim meus exames mostravam h\u00e1 anos v\u00e1rios processos bioqu\u00edmicos desajustados, uma coisa \u00e9 ter exames dentro da refer\u00eancia de laborat\u00f3rios , outra \u00e9 ter exames com valores ideais de par\u00e2metros de sa\u00fade &nbsp;&nbsp; Em&nbsp; busca de conhecimento para tratar dos meus sintomas eu conheci a Medicina Tradicional Chinesa e foi atrav\u00e9s desta Medicina Milenar que meu sofrimento acabou, em poucos meses minha c\u00f3lica sessou, meus ciclos se regularam, os cistos nos ov\u00e1rios e mam\u00e1rios tamb\u00e9m desapareceram, a rinite bronquite e toda a minha fraqueza foram aos poucos melhorando e toda esta jornada se transformou em uma grande Restaura\u00e7\u00e3o da sa\u00fade e que atrav\u00e9s das minhas especializa\u00e7\u00f5es em sa\u00fade reprodutiva da mulher e do homem me trouxe at\u00e9 aqui , eu criei o Instituto Restaurare para ajudar milhares de pessoas que buscam melhorar a sua sa\u00fade reprodutiva. Sou especializada pela EPAC em Medicina Tradicional Chinesa, Farmacologia Chinesa Avan\u00e7ada, com especializa\u00e7\u00e3o em Ginecologia Chinesa com foco na sa\u00fade reprodutiva e Fertilidade da mulher, especializa\u00e7\u00e3o em Fertilidade Masculina para tratar a sa\u00fade reprodutiva masculina, especializada em ZhiNeng Qi Gong para terapias de Medita\u00e7\u00e3o Guiada chinesa. Sou prescritora dos pain\u00e9is gen\u00e9ticos de uma empresa israelense A FULL DNA,&nbsp;que oferece um dos melhores pain\u00e9is gen\u00e9ticos do mundo sendo o primeiro laborat\u00f3rio comercial que usa a tecnologia de extra\u00e7\u00e3o do genoma total. Temos 40 milh\u00f5es de Polimorfismos de Nucleot\u00eddeo \u00danico, a partir da an\u00e1lise do seu c\u00f3digo gen\u00e9tico, \u00e9 poss\u00edvel desenvolver uma esp\u00e9cie de \u201cmanual de instru\u00e7\u00f5es\u201d do seu corpo. Sou especializada em Nutri\u00e7\u00e3o Funcional e Nutri\u00e7\u00e3o Funcional Avan\u00e7ada, certificada em Programa\u00e7\u00e3o da Gesta\u00e7\u00e3o Saud\u00e1vel pela Faculdade de Sa\u00fade Avan\u00e7ada do Prof Dr Gabriel de Carvalho e sou Coach certificada do M\u00e9todo Alem\u00e3o Metabolic Balance para equil\u00edbrio metab\u00f3lico e emagrecimento saud\u00e1vel.<\/p>\n","protected":false},"author":1,"featured_media":0,"parent":0,"menu_order":0,"comment_status":"closed","ping_status":"closed","template":"","meta":{"om_disable_all_campaigns":false,"_monsterinsights_skip_tracking":false,"_monsterinsights_sitenote_active":false,"_monsterinsights_sitenote_note":"","_monsterinsights_sitenote_category":0,"footnotes":""},"class_list":["post-381","page","type-page","status-publish","hentry"],"yoast_head":"<!-- This site is optimized with the Yoast SEO plugin v27.2 - https:\/\/yoast.com\/product\/yoast-seo-wordpress\/ -->\n<title>Adriana Sarchiolo - Instituto Restaurare<\/title>\n<meta name=\"robots\" content=\"index, follow, max-snippet:-1, max-image-preview:large, max-video-preview:-1\" \/>\n<link rel=\"canonical\" href=\"https:\/\/institutorestaurare.com.br\/index.php\/adriana-sarchiolo\/\" \/>\n<meta property=\"og:locale\" content=\"pt_BR\" \/>\n<meta property=\"og:type\" content=\"article\" \/>\n<meta property=\"og:title\" content=\"Adriana Sarchiolo - Instituto Restaurare\" \/>\n<meta property=\"og:description\" content=\"Ol\u00e1, meu nome \u00e9 Adriana Sarchiolo criadora do Instituto Restaurare onde atendo pacientes presenciais e atrav\u00e9s da telemedicina. Sou natural de S\u00e3o Paulo Capital e resido em Bras\u00edlia esta capital que escolhi para viver e que eu tanto amo. Durante muitos anos da minha vida eu sofri com c\u00f3licas muito fortes no per\u00edodo menstrual, cistos nos ov\u00e1rios, cistos nas mamas que apareciam e depois sumiam, eu tamb\u00e9m espirrava seguidas vezes todos os dias, na minha inf\u00e2ncia na fase de estudante eu tampava o nariz na aula quando espirrava para n\u00e3o incomodar os colegas com tantos espirros e cheguei a ter uma pequena perda auditiva, eu tinha bronquite, rinite e tive tamb\u00e9m 3 pneumonias e diversos sintomas relacionados a indisposi\u00e7\u00e3o, fraqueza sobretudo este sofrimento me desmotivava. Eu sempre busquei ajuda na Medicina Ocidental e nunca me esclareceram um diagn\u00f3stico e tratamento para tantos sintomas cl\u00ednicos, eu fazia cheque up anual e um dia descobri um n\u00f3dulo na tiroide e foi indicada a cirurgia , felizmente era benigno mas mesmo assim a conduta medica ocidental foi pela remo\u00e7\u00e3o parcial da tireoide e justamente neste momento no p\u00f3s cir\u00fargico que me despertou, um impulso forte me preencheu , e comecei a mudar, comecei a estudar incansavelmente sobre interpreta\u00e7\u00e3o de exames ocidentais, nutri\u00e7\u00e3o funcional &nbsp;e descobri que sim meus exames mostravam h\u00e1 anos v\u00e1rios processos bioqu\u00edmicos desajustados, uma coisa \u00e9 ter exames dentro da refer\u00eancia de laborat\u00f3rios , outra \u00e9 ter exames com valores ideais de par\u00e2metros de sa\u00fade &nbsp;&nbsp; Em&nbsp; busca de conhecimento para tratar dos meus sintomas eu conheci a Medicina Tradicional Chinesa e foi atrav\u00e9s desta Medicina Milenar que meu sofrimento acabou, em poucos meses minha c\u00f3lica sessou, meus ciclos se regularam, os cistos nos ov\u00e1rios e mam\u00e1rios tamb\u00e9m desapareceram, a rinite bronquite e toda a minha fraqueza foram aos poucos melhorando e toda esta jornada se transformou em uma grande Restaura\u00e7\u00e3o da sa\u00fade e que atrav\u00e9s das minhas especializa\u00e7\u00f5es em sa\u00fade reprodutiva da mulher e do homem me trouxe at\u00e9 aqui , eu criei o Instituto Restaurare para ajudar milhares de pessoas que buscam melhorar a sua sa\u00fade reprodutiva. Sou especializada pela EPAC em Medicina Tradicional Chinesa, Farmacologia Chinesa Avan\u00e7ada, com especializa\u00e7\u00e3o em Ginecologia Chinesa com foco na sa\u00fade reprodutiva e Fertilidade da mulher, especializa\u00e7\u00e3o em Fertilidade Masculina para tratar a sa\u00fade reprodutiva masculina, especializada em ZhiNeng Qi Gong para terapias de Medita\u00e7\u00e3o Guiada chinesa. Sou prescritora dos pain\u00e9is gen\u00e9ticos de uma empresa israelense A FULL DNA,&nbsp;que oferece um dos melhores pain\u00e9is gen\u00e9ticos do mundo sendo o primeiro laborat\u00f3rio comercial que usa a tecnologia de extra\u00e7\u00e3o do genoma total. Temos 40 milh\u00f5es de Polimorfismos de Nucleot\u00eddeo \u00danico, a partir da an\u00e1lise do seu c\u00f3digo gen\u00e9tico, \u00e9 poss\u00edvel desenvolver uma esp\u00e9cie de \u201cmanual de instru\u00e7\u00f5es\u201d do seu corpo. Sou especializada em Nutri\u00e7\u00e3o Funcional e Nutri\u00e7\u00e3o Funcional Avan\u00e7ada, certificada em Programa\u00e7\u00e3o da Gesta\u00e7\u00e3o Saud\u00e1vel pela Faculdade de Sa\u00fade Avan\u00e7ada do Prof Dr Gabriel de Carvalho e sou Coach certificada do M\u00e9todo Alem\u00e3o Metabolic Balance para equil\u00edbrio metab\u00f3lico e emagrecimento saud\u00e1vel.\" \/>\n<meta property=\"og:url\" content=\"https:\/\/institutorestaurare.com.br\/index.php\/adriana-sarchiolo\/\" \/>\n<meta property=\"og:site_name\" content=\"Instituto Restaurare\" \/>\n<meta property=\"article:publisher\" content=\"https:\/\/facebook.com\/institutorestaurare.com.br\" \/>\n<meta property=\"article:modified_time\" content=\"2022-03-10T19:54:23+00:00\" \/>\n<meta property=\"og:image\" content=\"https:\/\/institutorestaurare.com.br\/wp-content\/uploads\/2022\/03\/PhotoRoom-20220310_163733_2.png\" \/>\n\t<meta property=\"og:image:width\" content=\"848\" \/>\n\t<meta property=\"og:image:height\" content=\"909\" \/>\n\t<meta property=\"og:image:type\" content=\"image\/png\" \/>\n<meta name=\"twitter:card\" content=\"summary_large_image\" \/>\n<meta name=\"twitter:label1\" content=\"Est. tempo de leitura\" \/>\n\t<meta name=\"twitter:data1\" content=\"3 minutos\" \/>\n<script type=\"application\/ld+json\" class=\"yoast-schema-graph\">{\"@context\":\"https:\/\/schema.org\",\"@graph\":[{\"@type\":\"WebPage\",\"@id\":\"https:\/\/institutorestaurare.com.br\/index.php\/adriana-sarchiolo\/\",\"url\":\"https:\/\/institutorestaurare.com.br\/index.php\/adriana-sarchiolo\/\",\"name\":\"Adriana Sarchiolo - Instituto Restaurare\",\"isPartOf\":{\"@id\":\"https:\/\/institutorestaurare.com.br\/#website\"},\"primaryImageOfPage\":{\"@id\":\"https:\/\/institutorestaurare.com.br\/index.php\/adriana-sarchiolo\/#primaryimage\"},\"image\":{\"@id\":\"https:\/\/institutorestaurare.com.br\/index.php\/adriana-sarchiolo\/#primaryimage\"},\"thumbnailUrl\":\"http:\/\/institutorestaurare.com.br\/wp-content\/uploads\/2022\/03\/PhotoRoom-20220310_163733_2.png\",\"datePublished\":\"2022-03-07T18:51:55+00:00\",\"dateModified\":\"2022-03-10T19:54:23+00:00\",\"breadcrumb\":{\"@id\":\"https:\/\/institutorestaurare.com.br\/index.php\/adriana-sarchiolo\/#breadcrumb\"},\"inLanguage\":\"pt-BR\",\"potentialAction\":[{\"@type\":\"ReadAction\",\"target\":[\"https:\/\/institutorestaurare.com.br\/index.php\/adriana-sarchiolo\/\"]}]},{\"@type\":\"ImageObject\",\"inLanguage\":\"pt-BR\",\"@id\":\"https:\/\/institutorestaurare.com.br\/index.php\/adriana-sarchiolo\/#primaryimage\",\"url\":\"https:\/\/institutorestaurare.com.br\/wp-content\/uploads\/2022\/03\/PhotoRoom-20220310_163733_2.png\",\"contentUrl\":\"https:\/\/institutorestaurare.com.br\/wp-content\/uploads\/2022\/03\/PhotoRoom-20220310_163733_2.png\",\"width\":848,\"height\":909},{\"@type\":\"BreadcrumbList\",\"@id\":\"https:\/\/institutorestaurare.com.br\/index.php\/adriana-sarchiolo\/#breadcrumb\",\"itemListElement\":[{\"@type\":\"ListItem\",\"position\":1,\"name\":\"In\u00edcio\",\"item\":\"https:\/\/institutorestaurare.com.br\/\"},{\"@type\":\"ListItem\",\"position\":2,\"name\":\"Adriana Sarchiolo\"}]},{\"@type\":\"WebSite\",\"@id\":\"https:\/\/institutorestaurare.com.br\/#website\",\"url\":\"https:\/\/institutorestaurare.com.br\/\",\"name\":\"Instituto Restaurare\",\"description\":\"Sa\u00fade e Bem Estar com a Medicina Tradicional Chinesa\",\"publisher\":{\"@id\":\"https:\/\/institutorestaurare.com.br\/#organization\"},\"potentialAction\":[{\"@type\":\"SearchAction\",\"target\":{\"@type\":\"EntryPoint\",\"urlTemplate\":\"https:\/\/institutorestaurare.com.br\/?s={search_term_string}\"},\"query-input\":{\"@type\":\"PropertyValueSpecification\",\"valueRequired\":true,\"valueName\":\"search_term_string\"}}],\"inLanguage\":\"pt-BR\"},{\"@type\":\"Organization\",\"@id\":\"https:\/\/institutorestaurare.com.br\/#organization\",\"name\":\"Instituto Restaurare\",\"url\":\"https:\/\/institutorestaurare.com.br\/\",\"logo\":{\"@type\":\"ImageObject\",\"inLanguage\":\"pt-BR\",\"@id\":\"https:\/\/institutorestaurare.com.br\/#\/schema\/logo\/image\/\",\"url\":\"https:\/\/institutorestaurare.com.br\/wp-content\/uploads\/2022\/10\/IRT-LOGO-2022-grande.png\",\"contentUrl\":\"https:\/\/institutorestaurare.com.br\/wp-content\/uploads\/2022\/10\/IRT-LOGO-2022-grande.png\",\"width\":1828,\"height\":654,\"caption\":\"Instituto Restaurare\"},\"image\":{\"@id\":\"https:\/\/institutorestaurare.com.br\/#\/schema\/logo\/image\/\"},\"sameAs\":[\"https:\/\/facebook.com\/institutorestaurare.com.br\",\"https:\/\/instagram.com\/institutorestaurare\"]}]}<\/script>\n<!-- \/ Yoast SEO plugin. -->","yoast_head_json":{"title":"Adriana Sarchiolo - Instituto Restaurare","robots":{"index":"index","follow":"follow","max-snippet":"max-snippet:-1","max-image-preview":"max-image-preview:large","max-video-preview":"max-video-preview:-1"},"canonical":"https:\/\/institutorestaurare.com.br\/index.php\/adriana-sarchiolo\/","og_locale":"pt_BR","og_type":"article","og_title":"Adriana Sarchiolo - Instituto Restaurare","og_description":"Ol\u00e1, meu nome \u00e9 Adriana Sarchiolo criadora do Instituto Restaurare onde atendo pacientes presenciais e atrav\u00e9s da telemedicina. Sou natural de S\u00e3o Paulo Capital e resido em Bras\u00edlia esta capital que escolhi para viver e que eu tanto amo. Durante muitos anos da minha vida eu sofri com c\u00f3licas muito fortes no per\u00edodo menstrual, cistos nos ov\u00e1rios, cistos nas mamas que apareciam e depois sumiam, eu tamb\u00e9m espirrava seguidas vezes todos os dias, na minha inf\u00e2ncia na fase de estudante eu tampava o nariz na aula quando espirrava para n\u00e3o incomodar os colegas com tantos espirros e cheguei a ter uma pequena perda auditiva, eu tinha bronquite, rinite e tive tamb\u00e9m 3 pneumonias e diversos sintomas relacionados a indisposi\u00e7\u00e3o, fraqueza sobretudo este sofrimento me desmotivava. Eu sempre busquei ajuda na Medicina Ocidental e nunca me esclareceram um diagn\u00f3stico e tratamento para tantos sintomas cl\u00ednicos, eu fazia cheque up anual e um dia descobri um n\u00f3dulo na tiroide e foi indicada a cirurgia , felizmente era benigno mas mesmo assim a conduta medica ocidental foi pela remo\u00e7\u00e3o parcial da tireoide e justamente neste momento no p\u00f3s cir\u00fargico que me despertou, um impulso forte me preencheu , e comecei a mudar, comecei a estudar incansavelmente sobre interpreta\u00e7\u00e3o de exames ocidentais, nutri\u00e7\u00e3o funcional &nbsp;e descobri que sim meus exames mostravam h\u00e1 anos v\u00e1rios processos bioqu\u00edmicos desajustados, uma coisa \u00e9 ter exames dentro da refer\u00eancia de laborat\u00f3rios , outra \u00e9 ter exames com valores ideais de par\u00e2metros de sa\u00fade &nbsp;&nbsp; Em&nbsp; busca de conhecimento para tratar dos meus sintomas eu conheci a Medicina Tradicional Chinesa e foi atrav\u00e9s desta Medicina Milenar que meu sofrimento acabou, em poucos meses minha c\u00f3lica sessou, meus ciclos se regularam, os cistos nos ov\u00e1rios e mam\u00e1rios tamb\u00e9m desapareceram, a rinite bronquite e toda a minha fraqueza foram aos poucos melhorando e toda esta jornada se transformou em uma grande Restaura\u00e7\u00e3o da sa\u00fade e que atrav\u00e9s das minhas especializa\u00e7\u00f5es em sa\u00fade reprodutiva da mulher e do homem me trouxe at\u00e9 aqui , eu criei o Instituto Restaurare para ajudar milhares de pessoas que buscam melhorar a sua sa\u00fade reprodutiva. Sou especializada pela EPAC em Medicina Tradicional Chinesa, Farmacologia Chinesa Avan\u00e7ada, com especializa\u00e7\u00e3o em Ginecologia Chinesa com foco na sa\u00fade reprodutiva e Fertilidade da mulher, especializa\u00e7\u00e3o em Fertilidade Masculina para tratar a sa\u00fade reprodutiva masculina, especializada em ZhiNeng Qi Gong para terapias de Medita\u00e7\u00e3o Guiada chinesa. Sou prescritora dos pain\u00e9is gen\u00e9ticos de uma empresa israelense A FULL DNA,&nbsp;que oferece um dos melhores pain\u00e9is gen\u00e9ticos do mundo sendo o primeiro laborat\u00f3rio comercial que usa a tecnologia de extra\u00e7\u00e3o do genoma total. Temos 40 milh\u00f5es de Polimorfismos de Nucleot\u00eddeo \u00danico, a partir da an\u00e1lise do seu c\u00f3digo gen\u00e9tico, \u00e9 poss\u00edvel desenvolver uma esp\u00e9cie de \u201cmanual de instru\u00e7\u00f5es\u201d do seu corpo. Sou especializada em Nutri\u00e7\u00e3o Funcional e Nutri\u00e7\u00e3o Funcional Avan\u00e7ada, certificada em Programa\u00e7\u00e3o da Gesta\u00e7\u00e3o Saud\u00e1vel pela Faculdade de Sa\u00fade Avan\u00e7ada do Prof Dr Gabriel de Carvalho e sou Coach certificada do M\u00e9todo Alem\u00e3o Metabolic Balance para equil\u00edbrio metab\u00f3lico e emagrecimento saud\u00e1vel.","og_url":"https:\/\/institutorestaurare.com.br\/index.php\/adriana-sarchiolo\/","og_site_name":"Instituto Restaurare","article_publisher":"https:\/\/facebook.com\/institutorestaurare.com.br","article_modified_time":"2022-03-10T19:54:23+00:00","og_image":[{"width":848,"height":909,"url":"https:\/\/institutorestaurare.com.br\/wp-content\/uploads\/2022\/03\/PhotoRoom-20220310_163733_2.png","type":"image\/png"}],"twitter_card":"summary_large_image","twitter_misc":{"Est. tempo de leitura":"3 minutos"},"schema":{"@context":"https:\/\/schema.org","@graph":[{"@type":"WebPage","@id":"https:\/\/institutorestaurare.com.br\/index.php\/adriana-sarchiolo\/","url":"https:\/\/institutorestaurare.com.br\/index.php\/adriana-sarchiolo\/","name":"Adriana Sarchiolo - Instituto Restaurare","isPartOf":{"@id":"https:\/\/institutorestaurare.com.br\/#website"},"primaryImageOfPage":{"@id":"https:\/\/institutorestaurare.com.br\/index.php\/adriana-sarchiolo\/#primaryimage"},"image":{"@id":"https:\/\/institutorestaurare.com.br\/index.php\/adriana-sarchiolo\/#primaryimage"},"thumbnailUrl":"http:\/\/institutorestaurare.com.br\/wp-content\/uploads\/2022\/03\/PhotoRoom-20220310_163733_2.png","datePublished":"2022-03-07T18:51:55+00:00","dateModified":"2022-03-10T19:54:23+00:00","breadcrumb":{"@id":"https:\/\/institutorestaurare.com.br\/index.php\/adriana-sarchiolo\/#breadcrumb"},"inLanguage":"pt-BR","potentialAction":[{"@type":"ReadAction","target":["https:\/\/institutorestaurare.com.br\/index.php\/adriana-sarchiolo\/"]}]},{"@type":"ImageObject","inLanguage":"pt-BR","@id":"https:\/\/institutorestaurare.com.br\/index.php\/adriana-sarchiolo\/#primaryimage","url":"https:\/\/institutorestaurare.com.br\/wp-content\/uploads\/2022\/03\/PhotoRoom-20220310_163733_2.png","contentUrl":"https:\/\/institutorestaurare.com.br\/wp-content\/uploads\/2022\/03\/PhotoRoom-20220310_163733_2.png","width":848,"height":909},{"@type":"BreadcrumbList","@id":"https:\/\/institutorestaurare.com.br\/index.php\/adriana-sarchiolo\/#breadcrumb","itemListElement":[{"@type":"ListItem","position":1,"name":"In\u00edcio","item":"https:\/\/institutorestaurare.com.br\/"},{"@type":"ListItem","position":2,"name":"Adriana Sarchiolo"}]},{"@type":"WebSite","@id":"https:\/\/institutorestaurare.com.br\/#website","url":"https:\/\/institutorestaurare.com.br\/","name":"Instituto Restaurare","description":"Sa\u00fade e Bem Estar com a Medicina Tradicional Chinesa","publisher":{"@id":"https:\/\/institutorestaurare.com.br\/#organization"},"potentialAction":[{"@type":"SearchAction","target":{"@type":"EntryPoint","urlTemplate":"https:\/\/institutorestaurare.com.br\/?s={search_term_string}"},"query-input":{"@type":"PropertyValueSpecification","valueRequired":true,"valueName":"search_term_string"}}],"inLanguage":"pt-BR"},{"@type":"Organization","@id":"https:\/\/institutorestaurare.com.br\/#organization","name":"Instituto Restaurare","url":"https:\/\/institutorestaurare.com.br\/","logo":{"@type":"ImageObject","inLanguage":"pt-BR","@id":"https:\/\/institutorestaurare.com.br\/#\/schema\/logo\/image\/","url":"https:\/\/institutorestaurare.com.br\/wp-content\/uploads\/2022\/10\/IRT-LOGO-2022-grande.png","contentUrl":"https:\/\/institutorestaurare.com.br\/wp-content\/uploads\/2022\/10\/IRT-LOGO-2022-grande.png","width":1828,"height":654,"caption":"Instituto Restaurare"},"image":{"@id":"https:\/\/institutorestaurare.com.br\/#\/schema\/logo\/image\/"},"sameAs":["https:\/\/facebook.com\/institutorestaurare.com.br","https:\/\/instagram.com\/institutorestaurare"]}]}},"_links":{"self":[{"href":"https:\/\/institutorestaurare.com.br\/index.php\/wp-json\/wp\/v2\/pages\/381","targetHints":{"allow":["GET"]}}],"collection":[{"href":"https:\/\/institutorestaurare.com.br\/index.php\/wp-json\/wp\/v2\/pages"}],"about":[{"href":"https:\/\/institutorestaurare.com.br\/index.php\/wp-json\/wp\/v2\/types\/page"}],"author":[{"embeddable":true,"href":"https:\/\/institutorestaurare.com.br\/index.php\/wp-json\/wp\/v2\/users\/1"}],"replies":[{"embeddable":true,"href":"https:\/\/institutorestaurare.com.br\/index.php\/wp-json\/wp\/v2\/comments?post=381"}],"version-history":[{"count":2,"href":"https:\/\/institutorestaurare.com.br\/index.php\/wp-json\/wp\/v2\/pages\/381\/revisions"}],"predecessor-version":[{"id":495,"href":"https:\/\/institutorestaurare.com.br\/index.php\/wp-json\/wp\/v2\/pages\/381\/revisions\/495"}],"wp:attachment":[{"href":"https:\/\/institutorestaurare.com.br\/index.php\/wp-json\/wp\/v2\/media?parent=381"}],"curies":[{"name":"wp","href":"https:\/\/api.w.org\/{rel}","templated":true}]}}