{"id":375,"date":"2022-03-07T15:45:55","date_gmt":"2022-03-07T18:45:55","guid":{"rendered":"https:\/\/institutorestaurare.com.br\/?page_id=375"},"modified":"2022-03-10T14:10:20","modified_gmt":"2022-03-10T17:10:20","slug":"saude-reprodutiva-da-mulher","status":"publish","type":"page","link":"https:\/\/institutorestaurare.com.br\/index.php\/saude-reprodutiva-da-mulher\/","title":{"rendered":"Fertilidade da Mulher"},"content":{"rendered":"\n<figure class=\"wp-block-image size-large\"><img fetchpriority=\"high\" decoding=\"async\" width=\"1024\" height=\"681\" src=\"http:\/\/institutorestaurare.com.br\/wp-content\/uploads\/2022\/03\/pexels-transtudios-photography-video-3153823-1024x681.jpg\" alt=\"\" class=\"wp-image-376\" srcset=\"https:\/\/institutorestaurare.com.br\/wp-content\/uploads\/2022\/03\/pexels-transtudios-photography-video-3153823-1024x681.jpg 1024w, https:\/\/institutorestaurare.com.br\/wp-content\/uploads\/2022\/03\/pexels-transtudios-photography-video-3153823-300x200.jpg 300w, https:\/\/institutorestaurare.com.br\/wp-content\/uploads\/2022\/03\/pexels-transtudios-photography-video-3153823-768x511.jpg 768w, https:\/\/institutorestaurare.com.br\/wp-content\/uploads\/2022\/03\/pexels-transtudios-photography-video-3153823-1536x1022.jpg 1536w, https:\/\/institutorestaurare.com.br\/wp-content\/uploads\/2022\/03\/pexels-transtudios-photography-video-3153823-2048x1363.jpg 2048w, https:\/\/institutorestaurare.com.br\/wp-content\/uploads\/2022\/03\/pexels-transtudios-photography-video-3153823-1140x759.jpg 1140w\" sizes=\"(max-width: 1024px) 100vw, 1024px\" \/><\/figure>\n\n\n\n<p><strong>Medicina Tradicional Chinesa para tratamento da Infertilidade<\/strong><\/p>\n\n\n\n<p>Tratamentos milenares da Ginecologia Chinesa para a sa\u00fade reprodutiva da mulher com:<\/p>\n\n\n\n<p>(In)fertilidade Feminina<\/p>\n\n\n\n<p>&nbsp;SOP<\/p>\n\n\n\n<p>&nbsp;Endometriose&nbsp;&nbsp;&nbsp;<\/p>\n\n\n\n<p>&nbsp;Mioma uterino&nbsp;<\/p>\n\n\n\n<p>Irregularidade Menstrual&nbsp;<\/p>\n\n\n\n<p>Hipogalactia&nbsp;<\/p>\n\n\n\n<p>Menopausa&nbsp;&nbsp;<\/p>\n\n\n\n<p>Aborto Espont\u00e2neo&nbsp; &nbsp;<\/p>\n\n\n\n<p>Dist\u00farbios da Ovula\u00e7\u00e3o<\/p>\n\n\n\n<p>Trompas Obstru\u00eddas<\/p>\n\n\n\n<p>Endometrite<\/p>\n\n\n\n<p>Baixos N\u00edveis Hormonais<\/p>\n\n\n\n<p>Processo de FIV<\/p>\n\n\n\n<p>Processo de Congelamento de \u00d3vulos<\/p>\n\n\n\n<p>A Medicina Tradicional Chinesa, caracteriza-se\u00a0por um sistema m\u00e9dico integral,\u202f\u202f\u00a0aplicado por milhares de anos na china\u202fat\u00e9 os dias atuais.<\/p>\n\n\n\n<p>Tratamos o paciente\u202frespeitando as inter-rela\u00e7\u00f5es do corpo, da mente e da natureza,&nbsp;esta medicina milenar considera&nbsp;que tudo o que acontece na natureza&nbsp;tamb\u00e9m acontece no corpo humano, \u00e9 por isso que para a medicina tradicional chinesa os diagn\u00f3sticos energ\u00e9ticos s\u00e3o baseados nos elementos da natureza.<\/p>\n\n\n\n<p>Na literatura temos diversas s\u00edndromes&nbsp;que correspondem a diversas manifesta\u00e7\u00f5es&nbsp;&nbsp;relacionada a natureza&nbsp;&nbsp;como o vento,&nbsp;&nbsp;a umidade, calor, frio, secura,&nbsp;&nbsp;o fogo, a \u00e1gua, a terra&nbsp;para a Medicina Tradicional Chinesa&nbsp;todo diagn\u00f3stico energ\u00e9tico \u00e9 baseado na s\u00edndrome que s\u00e3o um conjunto de sintomas, que somados compreendemos as s\u00edndromes, isto porque esta medicina milenar&nbsp;&nbsp;mapeou os canais dos meridianos de energia,&nbsp;e compreendemos que&nbsp;&nbsp;quando um determinado canal est\u00e1 afetado o corpo vai manifestar&nbsp;&nbsp;diversos sintomas que percorrem o determinado canal.\u202f&nbsp;<\/p>\n\n\n\n<p>Ap\u00f3s o diagn\u00f3stico o paciente recebe tratamentos baseadas nas condutas\u00a0da Medicina Tradicional Chinesa\u00a0atrav\u00e9s da especialidade da Ginecologia Chinesa que s\u00e3o a farmacologia, a dietoterapia, a acupuntura, a moxa, e as pr\u00e1ticas corporais que incluem medita\u00e7\u00e3o e exerc\u00edcios das artes marciais chinesas.\u202f\u00a0<\/p>\n\n\n\n<figure class=\"wp-block-image size-full is-resized\"><img decoding=\"async\" src=\"http:\/\/institutorestaurare.com.br\/wp-content\/uploads\/2022\/03\/cropped-22766629a9f83411deed44c9f8703171.jpg\" alt=\"\" class=\"wp-image-460\" width=\"838\" height=\"1257\" srcset=\"https:\/\/institutorestaurare.com.br\/wp-content\/uploads\/2022\/03\/cropped-22766629a9f83411deed44c9f8703171.jpg 564w, https:\/\/institutorestaurare.com.br\/wp-content\/uploads\/2022\/03\/cropped-22766629a9f83411deed44c9f8703171-200x300.jpg 200w\" sizes=\"(max-width: 838px) 100vw, 838px\" \/><\/figure>\n","protected":false},"excerpt":{"rendered":"<p>Medicina Tradicional Chinesa para tratamento da Infertilidade Tratamentos milenares da Ginecologia Chinesa para a sa\u00fade reprodutiva da mulher com: (In)fertilidade Feminina &nbsp;SOP &nbsp;Endometriose&nbsp;&nbsp;&nbsp; &nbsp;Mioma uterino&nbsp; Irregularidade Menstrual&nbsp; Hipogalactia&nbsp; Menopausa&nbsp;&nbsp; Aborto Espont\u00e2neo&nbsp; &nbsp; Dist\u00farbios da Ovula\u00e7\u00e3o Trompas Obstru\u00eddas Endometrite Baixos N\u00edveis Hormonais Processo de FIV Processo de Congelamento de \u00d3vulos A Medicina Tradicional Chinesa, caracteriza-se\u00a0por um sistema m\u00e9dico integral,\u202f\u202f\u00a0aplicado por milhares de anos na china\u202fat\u00e9 os dias atuais. Tratamos o paciente\u202frespeitando as inter-rela\u00e7\u00f5es do corpo, da mente e da natureza,&nbsp;esta medicina milenar considera&nbsp;que tudo o que acontece na natureza&nbsp;tamb\u00e9m acontece no corpo humano, \u00e9 por isso que para a medicina tradicional chinesa os diagn\u00f3sticos energ\u00e9ticos s\u00e3o baseados nos elementos da natureza. Na literatura temos diversas s\u00edndromes&nbsp;que correspondem a diversas manifesta\u00e7\u00f5es&nbsp;&nbsp;relacionada a natureza&nbsp;&nbsp;como o vento,&nbsp;&nbsp;a umidade, calor, frio, secura,&nbsp;&nbsp;o fogo, a \u00e1gua, a terra&nbsp;para a Medicina Tradicional Chinesa&nbsp;todo diagn\u00f3stico energ\u00e9tico \u00e9 baseado na s\u00edndrome que s\u00e3o um conjunto de sintomas, que somados compreendemos as s\u00edndromes, isto porque esta medicina milenar&nbsp;&nbsp;mapeou os canais dos meridianos de energia,&nbsp;e compreendemos que&nbsp;&nbsp;quando um determinado canal est\u00e1 afetado o corpo vai manifestar&nbsp;&nbsp;diversos sintomas que percorrem o determinado canal.\u202f&nbsp; Ap\u00f3s o diagn\u00f3stico o paciente recebe tratamentos baseadas nas condutas\u00a0da Medicina Tradicional Chinesa\u00a0atrav\u00e9s da especialidade da Ginecologia Chinesa que s\u00e3o a farmacologia, a dietoterapia, a acupuntura, a moxa, e as pr\u00e1ticas corporais que incluem medita\u00e7\u00e3o e exerc\u00edcios das artes marciais chinesas.\u202f\u00a0<\/p>\n","protected":false},"author":1,"featured_media":0,"parent":0,"menu_order":0,"comment_status":"closed","ping_status":"closed","template":"","meta":{"om_disable_all_campaigns":false,"_monsterinsights_skip_tracking":false,"_monsterinsights_sitenote_active":false,"_monsterinsights_sitenote_note":"","_monsterinsights_sitenote_category":0,"footnotes":""},"class_list":["post-375","page","type-page","status-publish","hentry"],"yoast_head":"<!-- This site is optimized with the Yoast SEO plugin v27.2 - https:\/\/yoast.com\/product\/yoast-seo-wordpress\/ -->\n<title>Fertilidade da Mulher - Instituto Restaurare<\/title>\n<meta name=\"robots\" content=\"index, follow, max-snippet:-1, max-image-preview:large, max-video-preview:-1\" \/>\n<link rel=\"canonical\" href=\"https:\/\/institutorestaurare.com.br\/index.php\/saude-reprodutiva-da-mulher\/\" \/>\n<meta property=\"og:locale\" content=\"pt_BR\" \/>\n<meta property=\"og:type\" content=\"article\" \/>\n<meta property=\"og:title\" content=\"Fertilidade da Mulher - Instituto Restaurare\" \/>\n<meta property=\"og:description\" content=\"Medicina Tradicional Chinesa para tratamento da Infertilidade Tratamentos milenares da Ginecologia Chinesa para a sa\u00fade reprodutiva da mulher com: (In)fertilidade Feminina &nbsp;SOP &nbsp;Endometriose&nbsp;&nbsp;&nbsp; &nbsp;Mioma uterino&nbsp; Irregularidade Menstrual&nbsp; Hipogalactia&nbsp; Menopausa&nbsp;&nbsp; Aborto Espont\u00e2neo&nbsp; &nbsp; Dist\u00farbios da Ovula\u00e7\u00e3o Trompas Obstru\u00eddas Endometrite Baixos N\u00edveis Hormonais Processo de FIV Processo de Congelamento de \u00d3vulos A Medicina Tradicional Chinesa, caracteriza-se\u00a0por um sistema m\u00e9dico integral,\u202f\u202f\u00a0aplicado por milhares de anos na china\u202fat\u00e9 os dias atuais. Tratamos o paciente\u202frespeitando as inter-rela\u00e7\u00f5es do corpo, da mente e da natureza,&nbsp;esta medicina milenar considera&nbsp;que tudo o que acontece na natureza&nbsp;tamb\u00e9m acontece no corpo humano, \u00e9 por isso que para a medicina tradicional chinesa os diagn\u00f3sticos energ\u00e9ticos s\u00e3o baseados nos elementos da natureza. Na literatura temos diversas s\u00edndromes&nbsp;que correspondem a diversas manifesta\u00e7\u00f5es&nbsp;&nbsp;relacionada a natureza&nbsp;&nbsp;como o vento,&nbsp;&nbsp;a umidade, calor, frio, secura,&nbsp;&nbsp;o fogo, a \u00e1gua, a terra&nbsp;para a Medicina Tradicional Chinesa&nbsp;todo diagn\u00f3stico energ\u00e9tico \u00e9 baseado na s\u00edndrome que s\u00e3o um conjunto de sintomas, que somados compreendemos as s\u00edndromes, isto porque esta medicina milenar&nbsp;&nbsp;mapeou os canais dos meridianos de energia,&nbsp;e compreendemos que&nbsp;&nbsp;quando um determinado canal est\u00e1 afetado o corpo vai manifestar&nbsp;&nbsp;diversos sintomas que percorrem o determinado canal.\u202f&nbsp; Ap\u00f3s o diagn\u00f3stico o paciente recebe tratamentos baseadas nas condutas\u00a0da Medicina Tradicional Chinesa\u00a0atrav\u00e9s da especialidade da Ginecologia Chinesa que s\u00e3o a farmacologia, a dietoterapia, a acupuntura, a moxa, e as pr\u00e1ticas corporais que incluem medita\u00e7\u00e3o e exerc\u00edcios das artes marciais chinesas.\u202f\u00a0\" \/>\n<meta property=\"og:url\" content=\"https:\/\/institutorestaurare.com.br\/index.php\/saude-reprodutiva-da-mulher\/\" \/>\n<meta property=\"og:site_name\" content=\"Instituto Restaurare\" \/>\n<meta property=\"article:publisher\" content=\"https:\/\/facebook.com\/institutorestaurare.com.br\" \/>\n<meta property=\"article:modified_time\" content=\"2022-03-10T17:10:20+00:00\" \/>\n<meta property=\"og:image\" content=\"https:\/\/institutorestaurare.com.br\/wp-content\/uploads\/2022\/03\/pexels-transtudios-photography-video-3153823-scaled.jpg\" \/>\n\t<meta property=\"og:image:width\" content=\"2560\" \/>\n\t<meta property=\"og:image:height\" content=\"1703\" \/>\n\t<meta property=\"og:image:type\" content=\"image\/jpeg\" \/>\n<meta name=\"twitter:card\" content=\"summary_large_image\" \/>\n<meta name=\"twitter:label1\" content=\"Est. tempo de leitura\" \/>\n\t<meta name=\"twitter:data1\" content=\"2 minutos\" \/>\n<script type=\"application\/ld+json\" class=\"yoast-schema-graph\">{\"@context\":\"https:\/\/schema.org\",\"@graph\":[{\"@type\":\"WebPage\",\"@id\":\"https:\/\/institutorestaurare.com.br\/index.php\/saude-reprodutiva-da-mulher\/\",\"url\":\"https:\/\/institutorestaurare.com.br\/index.php\/saude-reprodutiva-da-mulher\/\",\"name\":\"Fertilidade da Mulher - Instituto Restaurare\",\"isPartOf\":{\"@id\":\"https:\/\/institutorestaurare.com.br\/#website\"},\"primaryImageOfPage\":{\"@id\":\"https:\/\/institutorestaurare.com.br\/index.php\/saude-reprodutiva-da-mulher\/#primaryimage\"},\"image\":{\"@id\":\"https:\/\/institutorestaurare.com.br\/index.php\/saude-reprodutiva-da-mulher\/#primaryimage\"},\"thumbnailUrl\":\"http:\/\/institutorestaurare.com.br\/wp-content\/uploads\/2022\/03\/pexels-transtudios-photography-video-3153823-1024x681.jpg\",\"datePublished\":\"2022-03-07T18:45:55+00:00\",\"dateModified\":\"2022-03-10T17:10:20+00:00\",\"breadcrumb\":{\"@id\":\"https:\/\/institutorestaurare.com.br\/index.php\/saude-reprodutiva-da-mulher\/#breadcrumb\"},\"inLanguage\":\"pt-BR\",\"potentialAction\":[{\"@type\":\"ReadAction\",\"target\":[\"https:\/\/institutorestaurare.com.br\/index.php\/saude-reprodutiva-da-mulher\/\"]}]},{\"@type\":\"ImageObject\",\"inLanguage\":\"pt-BR\",\"@id\":\"https:\/\/institutorestaurare.com.br\/index.php\/saude-reprodutiva-da-mulher\/#primaryimage\",\"url\":\"https:\/\/institutorestaurare.com.br\/wp-content\/uploads\/2022\/03\/pexels-transtudios-photography-video-3153823-scaled.jpg\",\"contentUrl\":\"https:\/\/institutorestaurare.com.br\/wp-content\/uploads\/2022\/03\/pexels-transtudios-photography-video-3153823-scaled.jpg\",\"width\":2560,\"height\":1703},{\"@type\":\"BreadcrumbList\",\"@id\":\"https:\/\/institutorestaurare.com.br\/index.php\/saude-reprodutiva-da-mulher\/#breadcrumb\",\"itemListElement\":[{\"@type\":\"ListItem\",\"position\":1,\"name\":\"In\u00edcio\",\"item\":\"https:\/\/institutorestaurare.com.br\/\"},{\"@type\":\"ListItem\",\"position\":2,\"name\":\"Fertilidade da Mulher\"}]},{\"@type\":\"WebSite\",\"@id\":\"https:\/\/institutorestaurare.com.br\/#website\",\"url\":\"https:\/\/institutorestaurare.com.br\/\",\"name\":\"Instituto Restaurare\",\"description\":\"Sa\u00fade e Bem Estar com a Medicina Tradicional Chinesa\",\"publisher\":{\"@id\":\"https:\/\/institutorestaurare.com.br\/#organization\"},\"potentialAction\":[{\"@type\":\"SearchAction\",\"target\":{\"@type\":\"EntryPoint\",\"urlTemplate\":\"https:\/\/institutorestaurare.com.br\/?s={search_term_string}\"},\"query-input\":{\"@type\":\"PropertyValueSpecification\",\"valueRequired\":true,\"valueName\":\"search_term_string\"}}],\"inLanguage\":\"pt-BR\"},{\"@type\":\"Organization\",\"@id\":\"https:\/\/institutorestaurare.com.br\/#organization\",\"name\":\"Instituto Restaurare\",\"url\":\"https:\/\/institutorestaurare.com.br\/\",\"logo\":{\"@type\":\"ImageObject\",\"inLanguage\":\"pt-BR\",\"@id\":\"https:\/\/institutorestaurare.com.br\/#\/schema\/logo\/image\/\",\"url\":\"https:\/\/institutorestaurare.com.br\/wp-content\/uploads\/2022\/10\/IRT-LOGO-2022-grande.png\",\"contentUrl\":\"https:\/\/institutorestaurare.com.br\/wp-content\/uploads\/2022\/10\/IRT-LOGO-2022-grande.png\",\"width\":1828,\"height\":654,\"caption\":\"Instituto Restaurare\"},\"image\":{\"@id\":\"https:\/\/institutorestaurare.com.br\/#\/schema\/logo\/image\/\"},\"sameAs\":[\"https:\/\/facebook.com\/institutorestaurare.com.br\",\"https:\/\/instagram.com\/institutorestaurare\"]}]}<\/script>\n<!-- \/ Yoast SEO plugin. -->","yoast_head_json":{"title":"Fertilidade da Mulher - Instituto Restaurare","robots":{"index":"index","follow":"follow","max-snippet":"max-snippet:-1","max-image-preview":"max-image-preview:large","max-video-preview":"max-video-preview:-1"},"canonical":"https:\/\/institutorestaurare.com.br\/index.php\/saude-reprodutiva-da-mulher\/","og_locale":"pt_BR","og_type":"article","og_title":"Fertilidade da Mulher - Instituto Restaurare","og_description":"Medicina Tradicional Chinesa para tratamento da Infertilidade Tratamentos milenares da Ginecologia Chinesa para a sa\u00fade reprodutiva da mulher com: (In)fertilidade Feminina &nbsp;SOP &nbsp;Endometriose&nbsp;&nbsp;&nbsp; &nbsp;Mioma uterino&nbsp; Irregularidade Menstrual&nbsp; Hipogalactia&nbsp; Menopausa&nbsp;&nbsp; Aborto Espont\u00e2neo&nbsp; &nbsp; Dist\u00farbios da Ovula\u00e7\u00e3o Trompas Obstru\u00eddas Endometrite Baixos N\u00edveis Hormonais Processo de FIV Processo de Congelamento de \u00d3vulos A Medicina Tradicional Chinesa, caracteriza-se\u00a0por um sistema m\u00e9dico integral,\u202f\u202f\u00a0aplicado por milhares de anos na china\u202fat\u00e9 os dias atuais. Tratamos o paciente\u202frespeitando as inter-rela\u00e7\u00f5es do corpo, da mente e da natureza,&nbsp;esta medicina milenar considera&nbsp;que tudo o que acontece na natureza&nbsp;tamb\u00e9m acontece no corpo humano, \u00e9 por isso que para a medicina tradicional chinesa os diagn\u00f3sticos energ\u00e9ticos s\u00e3o baseados nos elementos da natureza. Na literatura temos diversas s\u00edndromes&nbsp;que correspondem a diversas manifesta\u00e7\u00f5es&nbsp;&nbsp;relacionada a natureza&nbsp;&nbsp;como o vento,&nbsp;&nbsp;a umidade, calor, frio, secura,&nbsp;&nbsp;o fogo, a \u00e1gua, a terra&nbsp;para a Medicina Tradicional Chinesa&nbsp;todo diagn\u00f3stico energ\u00e9tico \u00e9 baseado na s\u00edndrome que s\u00e3o um conjunto de sintomas, que somados compreendemos as s\u00edndromes, isto porque esta medicina milenar&nbsp;&nbsp;mapeou os canais dos meridianos de energia,&nbsp;e compreendemos que&nbsp;&nbsp;quando um determinado canal est\u00e1 afetado o corpo vai manifestar&nbsp;&nbsp;diversos sintomas que percorrem o determinado canal.\u202f&nbsp; Ap\u00f3s o diagn\u00f3stico o paciente recebe tratamentos baseadas nas condutas\u00a0da Medicina Tradicional Chinesa\u00a0atrav\u00e9s da especialidade da Ginecologia Chinesa que s\u00e3o a farmacologia, a dietoterapia, a acupuntura, a moxa, e as pr\u00e1ticas corporais que incluem medita\u00e7\u00e3o e exerc\u00edcios das artes marciais chinesas.\u202f\u00a0","og_url":"https:\/\/institutorestaurare.com.br\/index.php\/saude-reprodutiva-da-mulher\/","og_site_name":"Instituto Restaurare","article_publisher":"https:\/\/facebook.com\/institutorestaurare.com.br","article_modified_time":"2022-03-10T17:10:20+00:00","og_image":[{"width":2560,"height":1703,"url":"https:\/\/institutorestaurare.com.br\/wp-content\/uploads\/2022\/03\/pexels-transtudios-photography-video-3153823-scaled.jpg","type":"image\/jpeg"}],"twitter_card":"summary_large_image","twitter_misc":{"Est. tempo de leitura":"2 minutos"},"schema":{"@context":"https:\/\/schema.org","@graph":[{"@type":"WebPage","@id":"https:\/\/institutorestaurare.com.br\/index.php\/saude-reprodutiva-da-mulher\/","url":"https:\/\/institutorestaurare.com.br\/index.php\/saude-reprodutiva-da-mulher\/","name":"Fertilidade da Mulher - Instituto Restaurare","isPartOf":{"@id":"https:\/\/institutorestaurare.com.br\/#website"},"primaryImageOfPage":{"@id":"https:\/\/institutorestaurare.com.br\/index.php\/saude-reprodutiva-da-mulher\/#primaryimage"},"image":{"@id":"https:\/\/institutorestaurare.com.br\/index.php\/saude-reprodutiva-da-mulher\/#primaryimage"},"thumbnailUrl":"http:\/\/institutorestaurare.com.br\/wp-content\/uploads\/2022\/03\/pexels-transtudios-photography-video-3153823-1024x681.jpg","datePublished":"2022-03-07T18:45:55+00:00","dateModified":"2022-03-10T17:10:20+00:00","breadcrumb":{"@id":"https:\/\/institutorestaurare.com.br\/index.php\/saude-reprodutiva-da-mulher\/#breadcrumb"},"inLanguage":"pt-BR","potentialAction":[{"@type":"ReadAction","target":["https:\/\/institutorestaurare.com.br\/index.php\/saude-reprodutiva-da-mulher\/"]}]},{"@type":"ImageObject","inLanguage":"pt-BR","@id":"https:\/\/institutorestaurare.com.br\/index.php\/saude-reprodutiva-da-mulher\/#primaryimage","url":"https:\/\/institutorestaurare.com.br\/wp-content\/uploads\/2022\/03\/pexels-transtudios-photography-video-3153823-scaled.jpg","contentUrl":"https:\/\/institutorestaurare.com.br\/wp-content\/uploads\/2022\/03\/pexels-transtudios-photography-video-3153823-scaled.jpg","width":2560,"height":1703},{"@type":"BreadcrumbList","@id":"https:\/\/institutorestaurare.com.br\/index.php\/saude-reprodutiva-da-mulher\/#breadcrumb","itemListElement":[{"@type":"ListItem","position":1,"name":"In\u00edcio","item":"https:\/\/institutorestaurare.com.br\/"},{"@type":"ListItem","position":2,"name":"Fertilidade da Mulher"}]},{"@type":"WebSite","@id":"https:\/\/institutorestaurare.com.br\/#website","url":"https:\/\/institutorestaurare.com.br\/","name":"Instituto Restaurare","description":"Sa\u00fade e Bem Estar com a Medicina Tradicional Chinesa","publisher":{"@id":"https:\/\/institutorestaurare.com.br\/#organization"},"potentialAction":[{"@type":"SearchAction","target":{"@type":"EntryPoint","urlTemplate":"https:\/\/institutorestaurare.com.br\/?s={search_term_string}"},"query-input":{"@type":"PropertyValueSpecification","valueRequired":true,"valueName":"search_term_string"}}],"inLanguage":"pt-BR"},{"@type":"Organization","@id":"https:\/\/institutorestaurare.com.br\/#organization","name":"Instituto Restaurare","url":"https:\/\/institutorestaurare.com.br\/","logo":{"@type":"ImageObject","inLanguage":"pt-BR","@id":"https:\/\/institutorestaurare.com.br\/#\/schema\/logo\/image\/","url":"https:\/\/institutorestaurare.com.br\/wp-content\/uploads\/2022\/10\/IRT-LOGO-2022-grande.png","contentUrl":"https:\/\/institutorestaurare.com.br\/wp-content\/uploads\/2022\/10\/IRT-LOGO-2022-grande.png","width":1828,"height":654,"caption":"Instituto Restaurare"},"image":{"@id":"https:\/\/institutorestaurare.com.br\/#\/schema\/logo\/image\/"},"sameAs":["https:\/\/facebook.com\/institutorestaurare.com.br","https:\/\/instagram.com\/institutorestaurare"]}]}},"_links":{"self":[{"href":"https:\/\/institutorestaurare.com.br\/index.php\/wp-json\/wp\/v2\/pages\/375","targetHints":{"allow":["GET"]}}],"collection":[{"href":"https:\/\/institutorestaurare.com.br\/index.php\/wp-json\/wp\/v2\/pages"}],"about":[{"href":"https:\/\/institutorestaurare.com.br\/index.php\/wp-json\/wp\/v2\/types\/page"}],"author":[{"embeddable":true,"href":"https:\/\/institutorestaurare.com.br\/index.php\/wp-json\/wp\/v2\/users\/1"}],"replies":[{"embeddable":true,"href":"https:\/\/institutorestaurare.com.br\/index.php\/wp-json\/wp\/v2\/comments?post=375"}],"version-history":[{"count":4,"href":"https:\/\/institutorestaurare.com.br\/index.php\/wp-json\/wp\/v2\/pages\/375\/revisions"}],"predecessor-version":[{"id":467,"href":"https:\/\/institutorestaurare.com.br\/index.php\/wp-json\/wp\/v2\/pages\/375\/revisions\/467"}],"wp:attachment":[{"href":"https:\/\/institutorestaurare.com.br\/index.php\/wp-json\/wp\/v2\/media?parent=375"}],"curies":[{"name":"wp","href":"https:\/\/api.w.org\/{rel}","templated":true}]}}